{"id":495,"date":"2026-05-06T08:06:06","date_gmt":"2026-05-06T08:06:06","guid":{"rendered":"https:\/\/www.ieeesmc.org\/cai-2026\/?page_id=495"},"modified":"2026-05-06T08:12:24","modified_gmt":"2026-05-06T08:12:24","slug":"track-empresarial","status":"publish","type":"page","link":"https:\/\/www.ieeesmc.org\/cai-2026\/track-empresarial\/","title":{"rendered":"Track Empresarial"},"content":{"rendered":"<p>&nbsp;<\/p>\n<p style=\"font-size: 1.3em\"><strong><a href=\"https:\/\/www.ieeesmc.org\/cai-2026\/wp-content\/uploads\/sites\/22\/2026\/05\/260505_CAI_Business_Track_Roundtables_v1_EN.pdf\">Download as PDF<\/a><\/strong><\/p>\n<p>&nbsp;<\/p>\n<table width=\"1429\" cellspacing=\"0\" cellpadding=\"9\">\n<thead>\n<tr>\n<td bgcolor=\"#0a335b\" width=\"22\"><strong><span style=\"color: #ffffff\">No<\/span><\/strong><\/td>\n<td bgcolor=\"#0a335b\" width=\"81\"><strong><span style=\"color: #ffffff\">Lead Org.<\/span><\/strong><\/td>\n<td bgcolor=\"#0a335b\" width=\"95\"><strong><span style=\"color: #ffffff\">Lead<\/span><\/strong><\/td>\n<td bgcolor=\"#0a335b\" width=\"67\"><strong><span style=\"color: #ffffff\">Day<\/span><\/strong><\/td>\n<td bgcolor=\"#0a335b\" width=\"146\"><strong><span style=\"color: #ffffff\">Time<\/span><\/strong><\/td>\n<td bgcolor=\"#0a335b\" width=\"194\"><strong><span style=\"color: #ffffff\">Roundtable<\/span><\/strong><\/td>\n<td bgcolor=\"#0a335b\" width=\"149\"><strong><span style=\"color: #ffffff\">Participating Companies<\/span><\/strong><\/td>\n<td bgcolor=\"#0a335b\" width=\"132\"><strong><span style=\"color: #ffffff\">Room<\/span><\/strong><\/td>\n<td bgcolor=\"#0a335b\" width=\"377\"><strong><span style=\"color: #ffffff\">Key Topics<\/span><\/strong><\/td>\n<\/tr>\n<\/thead>\n<tbody>\n<tr>\n<td bgcolor=\"#f7f5f0\" width=\"22\" height=\"28\">1<\/td>\n<td bgcolor=\"#f7f5f0\" width=\"81\">T-Systems<\/td>\n<td bgcolor=\"#f7f5f0\" width=\"95\">Ramon Puigoriol (Account Manager)<\/td>\n<td bgcolor=\"#f7f5f0\" width=\"67\">08\/05<\/td>\n<td bgcolor=\"#f7f5f0\" width=\"146\">12:00 \u2013 12:45<\/td>\n<td bgcolor=\"#f7f5f0\" width=\"194\">AI in Health and Life Sciences &#8211; From data to care: how AI is transforming health and life<\/td>\n<td bgcolor=\"#f7f5f0\" width=\"149\">T-Systems, Regional Ministry of Health, Progress and Health Foundation<\/td>\n<td bgcolor=\"#f7f5f0\" width=\"132\">Auditorium, floor -2<\/td>\n<td bgcolor=\"#f7f5f0\" width=\"377\">How artificial intelligence is redefining healthcare, biomedical research, and the sustainability of health systems.<\/td>\n<\/tr>\n<tr>\n<td bgcolor=\"#ffffff\" width=\"22\" height=\"13\">2<\/td>\n<td bgcolor=\"#ffffff\" width=\"81\">Civica<\/td>\n<td bgcolor=\"#ffffff\" width=\"95\">Manuel Mu\u00f1oz Meg\u00edas (CTO)<\/td>\n<td bgcolor=\"#ffffff\" width=\"67\">09\/05<\/td>\n<td bgcolor=\"#ffffff\" width=\"146\">8:30 \u2013 9:15h<\/td>\n<td bgcolor=\"#ffffff\" width=\"194\">Generative AI and Autonomous Agents in Business: from efficiency to competitive advantage<\/td>\n<td bgcolor=\"#ffffff\" width=\"149\">T-Systems, SDIN, Innovasur<\/td>\n<td bgcolor=\"#ffffff\" width=\"132\">Auditorium, floor -2<\/td>\n<td bgcolor=\"#ffffff\" width=\"377\">LLMs in production, autonomous agents<br \/>\nRAG, advanced automation, generative model governance<\/td>\n<\/tr>\n<tr>\n<td bgcolor=\"#f7f5f0\" width=\"22\" height=\"13\">3<\/td>\n<td bgcolor=\"#f7f5f0\" width=\"81\">CaixaBank<\/td>\n<td bgcolor=\"#f7f5f0\" width=\"95\">Carmen Gonzalez (Commercial Director)<\/td>\n<td bgcolor=\"#f7f5f0\" width=\"67\">09\/05<\/td>\n<td bgcolor=\"#f7f5f0\" width=\"146\">9:15 -10h<\/td>\n<td bgcolor=\"#f7f5f0\" width=\"194\">AI and Finance: from risk to value<\/td>\n<td bgcolor=\"#f7f5f0\" width=\"149\">Renta 4<br \/>\nLoomis<\/td>\n<td bgcolor=\"#f7f5f0\" width=\"132\">Auditorium, floor -2<\/td>\n<td bgcolor=\"#f7f5f0\" width=\"377\">AI-based credit scoring, fraud detection<br \/>\nalgorithmic trading, automated compliance, predictive analytics<\/td>\n<\/tr>\n<tr>\n<td bgcolor=\"#ffffff\" width=\"22\" height=\"13\">4<\/td>\n<td bgcolor=\"#ffffff\" width=\"81\">Fidesol<\/td>\n<td bgcolor=\"#ffffff\" width=\"95\">Carmen Alba Jim\u00e9nez (AI Project Coordinator)<\/td>\n<td bgcolor=\"#ffffff\" width=\"67\">09\/05<\/td>\n<td bgcolor=\"#ffffff\" width=\"146\">13:30 \u2013 14:15<\/td>\n<td bgcolor=\"#ffffff\" width=\"194\">Responsible AI and the EU AI Act: preparing for regulation<\/td>\n<td bgcolor=\"#ffffff\" width=\"149\">FIDESOL, OSPIA, UGR Faculty of Law<\/td>\n<td bgcolor=\"#ffffff\" width=\"132\">Auditorium, floor -2<\/td>\n<td bgcolor=\"#ffffff\" width=\"377\">EU AI Act compliance, algorithm auditing<br \/>\nexplainable AI, bias mitigation, data governance<\/td>\n<\/tr>\n<tr>\n<td bgcolor=\"#f7f5f0\" width=\"22\" height=\"11\">5<\/td>\n<td bgcolor=\"#f7f5f0\" width=\"81\">Nazaries<\/td>\n<td bgcolor=\"#f7f5f0\" width=\"95\">Jose Carlos Calvo Tudela (CIO)<\/td>\n<td bgcolor=\"#f7f5f0\" width=\"67\">09\/05<\/td>\n<td bgcolor=\"#f7f5f0\" width=\"146\">16:15 \u2013 16:45<\/td>\n<td bgcolor=\"#f7f5f0\" width=\"194\">AI in the Agricultural Sector: transformation of the agricultural sector through artificial intelligence<\/td>\n<td bgcolor=\"#f7f5f0\" width=\"149\">Berdea, Hispatec, UGR<\/td>\n<td bgcolor=\"#f7f5f0\" width=\"132\">Auditorium, floor -2<\/td>\n<td bgcolor=\"#f7f5f0\" width=\"377\">Precision agriculture, crop yield prediction, crop monitoring with computer vision and drones irrigation and fertilization optimization, early pest detection, agri-food traceability and sustainability<\/td>\n<\/tr>\n<\/tbody>\n<\/table>\n<p>&nbsp;<\/p>\n<h3>Roundtable 1: T-Systems<\/h3>\n<p><strong>Lead:<\/strong> Ram\u00f3n Puigoriol (Head of Health, T-Systems)<\/p>\n<p><strong>Participants:<\/strong><\/p>\n<ul>\n<li><strong>Jes\u00fas A. Carrillo Castrillo<\/strong>, Deputy Director for Quality, Research &amp; Knowledge Management, Health, Presidency &amp; Emergencies<\/li>\n<li><strong>Miguel \u00c1ngel Armengol<\/strong>, Head of the Data Office, Progress and Health Foundation<\/li>\n<li><strong>Chary Moreno<\/strong>, Deputy ICT Director of the SAS in Granada<\/li>\n<\/ul>\n<p>&nbsp;<\/p>\n<h3>Roundtable 2: Civica<\/h3>\n<p><strong>Lead:<\/strong> Manuel Mu\u00f1oz Meg\u00edas (CTO of C\u00edvica)<\/p>\n<p><strong>Participants:<\/strong><\/p>\n<ul>\n<li><strong>Fran Rodrigo<\/strong> (T-Systems)<\/li>\n<li><strong>Isabel V\u00e1zquez<\/strong> (SIDN)<\/li>\n<li><strong>Xxxx<\/strong> (Innovasur)<\/li>\n<\/ul>\n<p>&nbsp;<\/p>\n<h3>Roundtable 3: CaixaBank<\/h3>\n<p><strong>Lead:<\/strong> Carmen Gonzalez (Commercial Director)<\/p>\n<p><strong>Participants:<\/strong><\/p>\n<ul>\n<li><strong>Carlos Bocanegra<\/strong> &#8211; Renta 4<\/li>\n<li><strong>Eduard Garcia<\/strong> &#8211; Loomis<\/li>\n<\/ul>\n<p>&nbsp;<\/p>\n<h3>Roundtable 4: Fidesol<\/h3>\n<p><strong>Lead:<\/strong> Carmen Alba Jim\u00e9nez (AI Projects Coordinator, FIDESOL)<\/p>\n<p><strong>Participants:<\/strong><\/p>\n<ul>\n<li><strong>Laura Vigoya (AI Researcher, FIDESOL)<\/strong><\/li>\n<li><strong>Leonor Moral Vilchez<\/strong> (Vice-Dean for Internationalization, UGR Faculty of Law, REPER)<\/li>\n<li><strong>Gabriele Vestri<\/strong> (President of the Public Sector and AI Observatory, Professor of Procedural Law at UPO)<\/li>\n<\/ul>\n<p>&nbsp;<\/p>\n<h3>Roundtable 5: Nazaries<\/h3>\n<p><strong>Lead:<\/strong> Jose Carlos Calvo Tudela<\/p>\n<p><strong>Participants:<\/strong><\/p>\n<ul>\n<li><strong>Jos\u00e9 Luis Escobar<\/strong> &#8211; Berdea<\/li>\n<li><strong>Gonzalo Martin<\/strong> &#8211; Hispatec<\/li>\n<li><strong>Jes\u00fas Rodrigo Comino<\/strong> &#8211; UGR<\/li>\n<\/ul>\n<p>&nbsp;<\/p>\n<h3>Business Agenda: Talks<\/h3>\n<p><strong>Venue:<\/strong> ROOM 206 &#8211; Equipped with a projector<\/p>\n<p><strong>FRIDAY 08\/05<\/strong><\/p>\n<ul>\n<li>13:30 \u2013 14:00 <strong>Innovasur<\/strong> \u2013 TOPIC &#8211; Speaker: xxx<\/li>\n<li>14:00 \u2013 14:30 <strong>Fidesol<\/strong> \u2013 \u201cTaming LLM Hallucinations: Practical Strategies for Enterprise AI\u201d &#8211; Speaker (Laura Vigoya \u2013 AI Researcher)<\/li>\n<\/ul>\n<p><strong>SATURDAY 09\/05<\/strong><\/p>\n<ul>\n<li>09:00 \u2013 09:30 <strong>SDIN<\/strong> \u2013 \u201cFrom SEO to GEO: Building a system to measure brand visibility across AI platforms\u201d \u2013 Speaker: Isabel Vazquez (Head of AI)<\/li>\n<li>09:30 \u2013 10:00 <strong>T-Systems<\/strong> \u2013 \u201cEurope&#8217;s sovereign AI factory\u201d &#8211; Speaker: Pablo Rodr\u00edguez D\u00edaz (Data Scientist\/AI Engineer)<\/li>\n<li>13:15 \u2013 13:45 <strong>CaixaBank<\/strong> \u2013 \u201cAI for a more useful, simple and human banking\u201d \u2013 Speaker: Carmen Gonzalez Novo (Commercial Director)<\/li>\n<li>13:45 \u2013 14:15 <strong>CT Ingenieros<\/strong> \u2013 \u201cAI-Powered Automated Verification of Electronics Unit Manufacturing\u201d &#8211; Eduard Garcia Montoro \u2013Engineering Group<\/li>\n<li>14:15 \u2013 14:45 <strong>Innovasur<\/strong> \u2013 TOPIC &#8211; Speaker: xxx<\/li>\n<li>14:45 \u2013 15:15 <strong>T-Systems<\/strong> \u2013 \u201cAgentic AI Platform &#8211; Sovereign, secure, governed by design\u201d &#8211; Speaker: Francisco Javier Rodrigo Gin\u00e9s (Head of AI)<\/li>\n<\/ul>\n","protected":false},"excerpt":{"rendered":"<p>&nbsp; Download as PDF &nbsp; No Lead Org. Lead Day Time Roundtable Participating Companies Room Key Topics 1 T-Systems Ramon Puigoriol (Account Manager) 08\/05 12:00 \u2013 12:45 AI in Health and Life Sciences &#8211; From data to care: how AI is transforming health and life T-Systems, Regional Ministry of Health, Progress and Health Foundation Auditorium,&#8230;<\/p>\n","protected":false},"author":2627,"featured_media":0,"parent":0,"menu_order":0,"comment_status":"closed","ping_status":"closed","template":"","meta":{"footnotes":""},"class_list":["post-495","page","type-page","status-publish","hentry"],"yoast_head":"<!-- This site is optimized with the Yoast SEO plugin v26.6 - https:\/\/yoast.com\/wordpress\/plugins\/seo\/ -->\n<title>Track Empresarial - IEEE CAI 2026<\/title>\n<meta name=\"robots\" content=\"index, follow, max-snippet:-1, max-image-preview:large, max-video-preview:-1\" \/>\n<link rel=\"canonical\" href=\"https:\/\/www.ieeesmc.org\/cai-2026\/track-empresarial\/\" \/>\n<meta property=\"og:locale\" content=\"en_US\" \/>\n<meta property=\"og:type\" content=\"article\" \/>\n<meta property=\"og:title\" content=\"Track Empresarial - IEEE CAI 2026\" \/>\n<meta property=\"og:description\" content=\"&nbsp; Download as PDF &nbsp; No Lead Org. Lead Day Time Roundtable Participating Companies Room Key Topics 1 T-Systems Ramon Puigoriol (Account Manager) 08\/05 12:00 \u2013 12:45 AI in Health and Life Sciences &#8211; From data to care: how AI is transforming health and life T-Systems, Regional Ministry of Health, Progress and Health Foundation Auditorium,...\" \/>\n<meta property=\"og:url\" content=\"https:\/\/www.ieeesmc.org\/cai-2026\/track-empresarial\/\" \/>\n<meta property=\"og:site_name\" content=\"IEEE CAI 2026\" \/>\n<meta property=\"article:modified_time\" content=\"2026-05-06T08:12:24+00:00\" \/>\n<meta name=\"twitter:card\" content=\"summary_large_image\" \/>\n<meta name=\"twitter:label1\" content=\"Est. reading time\" \/>\n\t<meta name=\"twitter:data1\" content=\"3 minutes\" \/>\n<script type=\"application\/ld+json\" class=\"yoast-schema-graph\">{\"@context\":\"https:\/\/schema.org\",\"@graph\":[{\"@type\":\"WebPage\",\"@id\":\"https:\/\/www.ieeesmc.org\/cai-2026\/track-empresarial\/\",\"url\":\"https:\/\/www.ieeesmc.org\/cai-2026\/track-empresarial\/\",\"name\":\"Track Empresarial - IEEE CAI 2026\",\"isPartOf\":{\"@id\":\"https:\/\/www.ieeesmc.org\/cai-2026\/#website\"},\"datePublished\":\"2026-05-06T08:06:06+00:00\",\"dateModified\":\"2026-05-06T08:12:24+00:00\",\"breadcrumb\":{\"@id\":\"https:\/\/www.ieeesmc.org\/cai-2026\/track-empresarial\/#breadcrumb\"},\"inLanguage\":\"en-US\",\"potentialAction\":[{\"@type\":\"ReadAction\",\"target\":[\"https:\/\/www.ieeesmc.org\/cai-2026\/track-empresarial\/\"]}]},{\"@type\":\"BreadcrumbList\",\"@id\":\"https:\/\/www.ieeesmc.org\/cai-2026\/track-empresarial\/#breadcrumb\",\"itemListElement\":[{\"@type\":\"ListItem\",\"position\":1,\"name\":\"Home\",\"item\":\"https:\/\/www.ieeesmc.org\/cai-2026\/\"},{\"@type\":\"ListItem\",\"position\":2,\"name\":\"Track Empresarial\"}]},{\"@type\":\"WebSite\",\"@id\":\"https:\/\/www.ieeesmc.org\/cai-2026\/#website\",\"url\":\"https:\/\/www.ieeesmc.org\/cai-2026\/\",\"name\":\"IEEE CAI 2026\",\"description\":\"\",\"potentialAction\":[{\"@type\":\"SearchAction\",\"target\":{\"@type\":\"EntryPoint\",\"urlTemplate\":\"https:\/\/www.ieeesmc.org\/cai-2026\/?s={search_term_string}\"},\"query-input\":{\"@type\":\"PropertyValueSpecification\",\"valueRequired\":true,\"valueName\":\"search_term_string\"}}],\"inLanguage\":\"en-US\"}]}<\/script>\n<!-- \/ Yoast SEO plugin. -->","yoast_head_json":{"title":"Track Empresarial - IEEE CAI 2026","robots":{"index":"index","follow":"follow","max-snippet":"max-snippet:-1","max-image-preview":"max-image-preview:large","max-video-preview":"max-video-preview:-1"},"canonical":"https:\/\/www.ieeesmc.org\/cai-2026\/track-empresarial\/","og_locale":"en_US","og_type":"article","og_title":"Track Empresarial - IEEE CAI 2026","og_description":"&nbsp; Download as PDF &nbsp; No Lead Org. Lead Day Time Roundtable Participating Companies Room Key Topics 1 T-Systems Ramon Puigoriol (Account Manager) 08\/05 12:00 \u2013 12:45 AI in Health and Life Sciences &#8211; From data to care: how AI is transforming health and life T-Systems, Regional Ministry of Health, Progress and Health Foundation Auditorium,...","og_url":"https:\/\/www.ieeesmc.org\/cai-2026\/track-empresarial\/","og_site_name":"IEEE CAI 2026","article_modified_time":"2026-05-06T08:12:24+00:00","twitter_card":"summary_large_image","twitter_misc":{"Est. reading time":"3 minutes"},"schema":{"@context":"https:\/\/schema.org","@graph":[{"@type":"WebPage","@id":"https:\/\/www.ieeesmc.org\/cai-2026\/track-empresarial\/","url":"https:\/\/www.ieeesmc.org\/cai-2026\/track-empresarial\/","name":"Track Empresarial - IEEE CAI 2026","isPartOf":{"@id":"https:\/\/www.ieeesmc.org\/cai-2026\/#website"},"datePublished":"2026-05-06T08:06:06+00:00","dateModified":"2026-05-06T08:12:24+00:00","breadcrumb":{"@id":"https:\/\/www.ieeesmc.org\/cai-2026\/track-empresarial\/#breadcrumb"},"inLanguage":"en-US","potentialAction":[{"@type":"ReadAction","target":["https:\/\/www.ieeesmc.org\/cai-2026\/track-empresarial\/"]}]},{"@type":"BreadcrumbList","@id":"https:\/\/www.ieeesmc.org\/cai-2026\/track-empresarial\/#breadcrumb","itemListElement":[{"@type":"ListItem","position":1,"name":"Home","item":"https:\/\/www.ieeesmc.org\/cai-2026\/"},{"@type":"ListItem","position":2,"name":"Track Empresarial"}]},{"@type":"WebSite","@id":"https:\/\/www.ieeesmc.org\/cai-2026\/#website","url":"https:\/\/www.ieeesmc.org\/cai-2026\/","name":"IEEE CAI 2026","description":"","potentialAction":[{"@type":"SearchAction","target":{"@type":"EntryPoint","urlTemplate":"https:\/\/www.ieeesmc.org\/cai-2026\/?s={search_term_string}"},"query-input":{"@type":"PropertyValueSpecification","valueRequired":true,"valueName":"search_term_string"}}],"inLanguage":"en-US"}]}},"_links":{"self":[{"href":"https:\/\/www.ieeesmc.org\/cai-2026\/wp-json\/wp\/v2\/pages\/495","targetHints":{"allow":["GET"]}}],"collection":[{"href":"https:\/\/www.ieeesmc.org\/cai-2026\/wp-json\/wp\/v2\/pages"}],"about":[{"href":"https:\/\/www.ieeesmc.org\/cai-2026\/wp-json\/wp\/v2\/types\/page"}],"author":[{"embeddable":true,"href":"https:\/\/www.ieeesmc.org\/cai-2026\/wp-json\/wp\/v2\/users\/2627"}],"replies":[{"embeddable":true,"href":"https:\/\/www.ieeesmc.org\/cai-2026\/wp-json\/wp\/v2\/comments?post=495"}],"version-history":[{"count":0,"href":"https:\/\/www.ieeesmc.org\/cai-2026\/wp-json\/wp\/v2\/pages\/495\/revisions"}],"wp:attachment":[{"href":"https:\/\/www.ieeesmc.org\/cai-2026\/wp-json\/wp\/v2\/media?parent=495"}],"curies":[{"name":"wp","href":"https:\/\/api.w.org\/{rel}","templated":true}]}}